{"id":60,"date":"2015-09-10T14:21:54","date_gmt":"2015-09-10T14:21:54","guid":{"rendered":"http:\/\/healthandpower.com.co\/?post_type=product&#038;p=60"},"modified":"2018-09-03T19:05:14","modified_gmt":"2018-09-03T19:05:14","slug":"gastrolesc-plus-composite","status":"publish","type":"product","link":"http:\/\/healthandpower.com.co\/?product=gastrolesc-plus-composite","title":{"rendered":"Gastrolesc Plus Composite Jarabe"},"content":{"rendered":"<p>Bebida que combate las ulceras estomacales, problemas gastrointestinales, es t\u00f3nica del h\u00edgado, depuradora sangu\u00ednea, indicada en la congesti\u00f3n e insuficiencia hep\u00e1tica, infecciones intestinales, gota litiasis, cansancio, intoxicaciones.<\/p>\n<p><strong>MODO DE USO<\/strong>:<\/p>\n<p>Tomar una cucharada sopera, disuelto en un vaso de agua o leche 3 veces al d\u00eda despu\u00e9s de cada comida.<\/p>\n<p><strong>CONTENIDO<\/strong>: 230 ml<\/p>\n<p><img decoding=\"async\" src=\"http:\/\/healthandpower.com.co\/wp-content\/uploads\/2017\/04\/gastrolex.png\" alt=\"\" \/><\/p>\n","protected":false},"excerpt":{"rendered":"<h1><span style=\"color: #00ccff;\">$73.000<\/span><\/h1>\n<p>Tratamiento para la gastritis severa o cronica<\/p>\n","protected":false},"featured_media":1234,"comment_status":"open","ping_status":"closed","template":"","meta":[],"product_brand":[],"product_cat":[54],"product_tag":[],"class_list":{"0":"post-60","1":"product","2":"type-product","3":"status-publish","4":"has-post-thumbnail","6":"product_cat-digestion","8":"first","9":"instock","10":"shipping-taxable","11":"purchasable","12":"product-type-simple"},"_links":{"self":[{"href":"http:\/\/healthandpower.com.co\/index.php?rest_route=\/wp\/v2\/product\/60","targetHints":{"allow":["GET"]}}],"collection":[{"href":"http:\/\/healthandpower.com.co\/index.php?rest_route=\/wp\/v2\/product"}],"about":[{"href":"http:\/\/healthandpower.com.co\/index.php?rest_route=\/wp\/v2\/types\/product"}],"replies":[{"embeddable":true,"href":"http:\/\/healthandpower.com.co\/index.php?rest_route=%2Fwp%2Fv2%2Fcomments&post=60"}],"wp:featuredmedia":[{"embeddable":true,"href":"http:\/\/healthandpower.com.co\/index.php?rest_route=\/wp\/v2\/media\/1234"}],"wp:attachment":[{"href":"http:\/\/healthandpower.com.co\/index.php?rest_route=%2Fwp%2Fv2%2Fmedia&parent=60"}],"wp:term":[{"taxonomy":"product_brand","embeddable":true,"href":"http:\/\/healthandpower.com.co\/index.php?rest_route=%2Fwp%2Fv2%2Fproduct_brand&post=60"},{"taxonomy":"product_cat","embeddable":true,"href":"http:\/\/healthandpower.com.co\/index.php?rest_route=%2Fwp%2Fv2%2Fproduct_cat&post=60"},{"taxonomy":"product_tag","embeddable":true,"href":"http:\/\/healthandpower.com.co\/index.php?rest_route=%2Fwp%2Fv2%2Fproduct_tag&post=60"}],"curies":[{"name":"wp","href":"https:\/\/api.w.org\/{rel}","templated":true}]}}