{"id":48,"date":"2015-09-10T14:08:49","date_gmt":"2015-09-10T14:08:49","guid":{"rendered":"http:\/\/healthandpower.com.co\/?post_type=product&#038;p=48"},"modified":"2018-09-03T18:56:25","modified_gmt":"2018-09-03T18:56:25","slug":"chancapiedra","status":"publish","type":"product","link":"http:\/\/healthandpower.com.co\/?product=chancapiedra","title":{"rendered":"Chancapiedra Gotas"},"content":{"rendered":"<p>Utilizada eficazmente en la eliminaci\u00f3n y prevenci\u00f3n de los c\u00e1lculos del ri\u00f1\u00f3n y el h\u00edgado. Se usa para combatir la colelitiasis, c\u00e1lculos biliares, inflamaci\u00f3n de vejiga y v\u00edas urinarias. Tambi\u00e9n controla la tos y el reumatismo.<\/p>\n<p>MODO DE USO:<\/p>\n<p>Adultos y ni\u00f1os mayores de 12 a\u00f1os tomar de 30 a 50 gotas en una onza de agua cada 4 horas.<\/p>\n<p>CONTENIDO: 30 ml<\/p>\n<p><img decoding=\"async\" src=\"http:\/\/healthandpower.com.co\/wp-content\/uploads\/2017\/04\/chancapiedra.png\" alt=\"\" \/><\/p>\n","protected":false},"excerpt":{"rendered":"<h1><span style=\"color: #00ccff;\">$41.000<\/span><\/h1>\n","protected":false},"featured_media":1422,"comment_status":"open","ping_status":"closed","template":"","meta":[],"product_brand":[],"product_cat":[46],"product_tag":[],"class_list":{"0":"post-48","1":"product","2":"type-product","3":"status-publish","4":"has-post-thumbnail","6":"product_cat-antiinflamatorios","8":"first","9":"instock","10":"shipping-taxable","11":"purchasable","12":"product-type-simple"},"_links":{"self":[{"href":"http:\/\/healthandpower.com.co\/index.php?rest_route=\/wp\/v2\/product\/48","targetHints":{"allow":["GET"]}}],"collection":[{"href":"http:\/\/healthandpower.com.co\/index.php?rest_route=\/wp\/v2\/product"}],"about":[{"href":"http:\/\/healthandpower.com.co\/index.php?rest_route=\/wp\/v2\/types\/product"}],"replies":[{"embeddable":true,"href":"http:\/\/healthandpower.com.co\/index.php?rest_route=%2Fwp%2Fv2%2Fcomments&post=48"}],"wp:featuredmedia":[{"embeddable":true,"href":"http:\/\/healthandpower.com.co\/index.php?rest_route=\/wp\/v2\/media\/1422"}],"wp:attachment":[{"href":"http:\/\/healthandpower.com.co\/index.php?rest_route=%2Fwp%2Fv2%2Fmedia&parent=48"}],"wp:term":[{"taxonomy":"product_brand","embeddable":true,"href":"http:\/\/healthandpower.com.co\/index.php?rest_route=%2Fwp%2Fv2%2Fproduct_brand&post=48"},{"taxonomy":"product_cat","embeddable":true,"href":"http:\/\/healthandpower.com.co\/index.php?rest_route=%2Fwp%2Fv2%2Fproduct_cat&post=48"},{"taxonomy":"product_tag","embeddable":true,"href":"http:\/\/healthandpower.com.co\/index.php?rest_route=%2Fwp%2Fv2%2Fproduct_tag&post=48"}],"curies":[{"name":"wp","href":"https:\/\/api.w.org\/{rel}","templated":true}]}}