{"id":38,"date":"2015-09-10T14:01:16","date_gmt":"2015-09-10T14:01:16","guid":{"rendered":"http:\/\/healthandpower.com.co\/?post_type=product&#038;p=38"},"modified":"2018-09-03T20:03:48","modified_gmt":"2018-09-03T20:03:48","slug":"rosemary","status":"publish","type":"product","link":"http:\/\/healthandpower.com.co\/?product=rosemary","title":{"rendered":"Rosemary Gotas"},"content":{"rendered":"<p>Tiene efectos estimulantes y t\u00f3nicos, favorece la recuperaci\u00f3n en enfermedades respiratorias y del aparato digestivo, ayuda a superar las afecciones del h\u00edgado, antiespasm\u00f3dico \u00fatil en reumatismo articulares y dolores reum\u00e1ticos.<\/p>\n<p><strong>MODO DE USO<\/strong>:<\/p>\n<p>adultos y ni\u00f1os mayores de 12 a\u00f1os tomar de 30 a 50 gotas en una onza de agua cada 4 horas.<\/p>\n<p><strong>CONTENIDO<\/strong>: 30 ml<\/p>\n","protected":false},"excerpt":{"rendered":"<h1><span style=\"color: #00ccff;\">$25.000<\/span><\/h1>\n<p>Alivia el dolor muscular y articular<\/p>\n","protected":false},"featured_media":1450,"comment_status":"open","ping_status":"closed","template":"","meta":[],"product_brand":[],"product_cat":[46],"product_tag":[],"class_list":{"0":"post-38","1":"product","2":"type-product","3":"status-publish","4":"has-post-thumbnail","6":"product_cat-antiinflamatorios","8":"first","9":"instock","10":"shipping-taxable","11":"purchasable","12":"product-type-simple"},"_links":{"self":[{"href":"http:\/\/healthandpower.com.co\/index.php?rest_route=\/wp\/v2\/product\/38","targetHints":{"allow":["GET"]}}],"collection":[{"href":"http:\/\/healthandpower.com.co\/index.php?rest_route=\/wp\/v2\/product"}],"about":[{"href":"http:\/\/healthandpower.com.co\/index.php?rest_route=\/wp\/v2\/types\/product"}],"replies":[{"embeddable":true,"href":"http:\/\/healthandpower.com.co\/index.php?rest_route=%2Fwp%2Fv2%2Fcomments&post=38"}],"wp:featuredmedia":[{"embeddable":true,"href":"http:\/\/healthandpower.com.co\/index.php?rest_route=\/wp\/v2\/media\/1450"}],"wp:attachment":[{"href":"http:\/\/healthandpower.com.co\/index.php?rest_route=%2Fwp%2Fv2%2Fmedia&parent=38"}],"wp:term":[{"taxonomy":"product_brand","embeddable":true,"href":"http:\/\/healthandpower.com.co\/index.php?rest_route=%2Fwp%2Fv2%2Fproduct_brand&post=38"},{"taxonomy":"product_cat","embeddable":true,"href":"http:\/\/healthandpower.com.co\/index.php?rest_route=%2Fwp%2Fv2%2Fproduct_cat&post=38"},{"taxonomy":"product_tag","embeddable":true,"href":"http:\/\/healthandpower.com.co\/index.php?rest_route=%2Fwp%2Fv2%2Fproduct_tag&post=38"}],"curies":[{"name":"wp","href":"https:\/\/api.w.org\/{rel}","templated":true}]}}