{"id":37,"date":"2015-09-10T14:00:21","date_gmt":"2015-09-10T14:00:21","guid":{"rendered":"http:\/\/healthandpower.com.co\/?post_type=product&#038;p=37"},"modified":"2018-09-03T20:02:32","modified_gmt":"2018-09-03T20:02:32","slug":"regularisan","status":"publish","type":"product","link":"http:\/\/healthandpower.com.co\/?product=regularisan","title":{"rendered":"Regularisan Gotas"},"content":{"rendered":"<p>Regula el ciclo menstrual, retraso de la menstruaci\u00f3n, menstruaci\u00f3n dolorosa, c\u00f3licos, enfriamientos de la matriz y ovarios.<\/p>\n<p><strong>MODO DE USO<\/strong>:<\/p>\n<p>adultos y ni\u00f1os mayores de 12 a\u00f1os tomar de 30 a 50 gotas en una onza cada 4 horas.<\/p>\n<p><strong>CONTENIDO<\/strong>: 30 ml<\/p>\n","protected":false},"excerpt":{"rendered":"<p>$25.000<\/p>\n<p>Alivia el dolor menstrual, limpia y desinflama los ovarios<\/p>\n","protected":false},"featured_media":1449,"comment_status":"open","ping_status":"closed","template":"","meta":[],"product_brand":[],"product_cat":[46],"product_tag":[],"class_list":{"0":"post-37","1":"product","2":"type-product","3":"status-publish","4":"has-post-thumbnail","6":"product_cat-antiinflamatorios","8":"first","9":"instock","10":"shipping-taxable","11":"purchasable","12":"product-type-simple"},"_links":{"self":[{"href":"http:\/\/healthandpower.com.co\/index.php?rest_route=\/wp\/v2\/product\/37","targetHints":{"allow":["GET"]}}],"collection":[{"href":"http:\/\/healthandpower.com.co\/index.php?rest_route=\/wp\/v2\/product"}],"about":[{"href":"http:\/\/healthandpower.com.co\/index.php?rest_route=\/wp\/v2\/types\/product"}],"replies":[{"embeddable":true,"href":"http:\/\/healthandpower.com.co\/index.php?rest_route=%2Fwp%2Fv2%2Fcomments&post=37"}],"wp:featuredmedia":[{"embeddable":true,"href":"http:\/\/healthandpower.com.co\/index.php?rest_route=\/wp\/v2\/media\/1449"}],"wp:attachment":[{"href":"http:\/\/healthandpower.com.co\/index.php?rest_route=%2Fwp%2Fv2%2Fmedia&parent=37"}],"wp:term":[{"taxonomy":"product_brand","embeddable":true,"href":"http:\/\/healthandpower.com.co\/index.php?rest_route=%2Fwp%2Fv2%2Fproduct_brand&post=37"},{"taxonomy":"product_cat","embeddable":true,"href":"http:\/\/healthandpower.com.co\/index.php?rest_route=%2Fwp%2Fv2%2Fproduct_cat&post=37"},{"taxonomy":"product_tag","embeddable":true,"href":"http:\/\/healthandpower.com.co\/index.php?rest_route=%2Fwp%2Fv2%2Fproduct_tag&post=37"}],"curies":[{"name":"wp","href":"https:\/\/api.w.org\/{rel}","templated":true}]}}