{"id":1492,"date":"2019-07-15T02:47:12","date_gmt":"2019-07-15T02:47:12","guid":{"rendered":"http:\/\/healthandpower.com.co\/?post_type=product&#038;p=1492"},"modified":"2019-07-15T03:14:16","modified_gmt":"2019-07-15T03:14:16","slug":"mestrupain-capsulas-1","status":"publish","type":"product","link":"http:\/\/healthandpower.com.co\/?product=mestrupain-capsulas-1","title":{"rendered":"Mestrupain Capsulas"},"content":{"rendered":"<p>INDICACIONES: Como suplemento diet\u00e9tico. Adultos tomar una (1) a dos (2) c\u00e1psulas tres veces al d\u00eda con comida o como indicado.<\/p>\n<p><a href=\"http:\/\/healthandpower.com.co\/wp-content\/uploads\/2016\/05\/TABLA.jpg\"><img loading=\"lazy\" decoding=\"async\" class=\"alignnone size-full wp-image-744\" src=\"http:\/\/healthandpower.com.co\/wp-content\/uploads\/2016\/05\/TABLA.jpg\" alt=\"TABLA\" width=\"350\" height=\"246\" srcset=\"http:\/\/healthandpower.com.co\/wp-content\/uploads\/2016\/05\/TABLA.jpg 350w, http:\/\/healthandpower.com.co\/wp-content\/uploads\/2016\/05\/TABLA-300x211.jpg 300w\" sizes=\"auto, (max-width: 350px) 100vw, 350px\" \/><\/a><\/p>\n<p>Este producto no est\u00e1 destinado a diagnosticar, tratar, curar ni prevenir ninguna enfermedad. Guardar en un lugar seco a temperatura ambiente (59 \u2013 86 F).<\/p>\n<p>MANTENER FUERA DEL ALCANCE DE LOS NI\u00d1OS.<\/p>\n<p>*Esta declaraci\u00f3n no ha sido evaluada por la Administraci\u00f3n de Alimentos y Medicamentos.<\/p>\n<p>Otros ingredientes: gelatina y estearato de magnesio. Sin az\u00facar, almid\u00f3n, sal o conservantes a\u00f1adidos.<\/p>\n<p>Manufactured and Distributed by: National Board of Natural Medicine and Nutrition Inc. Englewood, Nj07631 USA R. 01100516983.<\/p>\n","protected":false},"excerpt":{"rendered":"<h1><span style=\"color: #00ccff;\">60 dolares<\/span><\/h1>\n<p>Controla los molestos dolores menstruales<\/p>\n","protected":false},"featured_media":1251,"comment_status":"open","ping_status":"closed","template":"","meta":[],"product_brand":[],"product_cat":[50],"product_tag":[],"class_list":{"0":"post-1492","1":"product","2":"type-product","3":"status-publish","4":"has-post-thumbnail","6":"product_cat-dolor-menstrual","8":"first","9":"instock","10":"shipping-taxable","11":"purchasable","12":"product-type-simple"},"_links":{"self":[{"href":"http:\/\/healthandpower.com.co\/index.php?rest_route=\/wp\/v2\/product\/1492","targetHints":{"allow":["GET"]}}],"collection":[{"href":"http:\/\/healthandpower.com.co\/index.php?rest_route=\/wp\/v2\/product"}],"about":[{"href":"http:\/\/healthandpower.com.co\/index.php?rest_route=\/wp\/v2\/types\/product"}],"replies":[{"embeddable":true,"href":"http:\/\/healthandpower.com.co\/index.php?rest_route=%2Fwp%2Fv2%2Fcomments&post=1492"}],"wp:featuredmedia":[{"embeddable":true,"href":"http:\/\/healthandpower.com.co\/index.php?rest_route=\/wp\/v2\/media\/1251"}],"wp:attachment":[{"href":"http:\/\/healthandpower.com.co\/index.php?rest_route=%2Fwp%2Fv2%2Fmedia&parent=1492"}],"wp:term":[{"taxonomy":"product_brand","embeddable":true,"href":"http:\/\/healthandpower.com.co\/index.php?rest_route=%2Fwp%2Fv2%2Fproduct_brand&post=1492"},{"taxonomy":"product_cat","embeddable":true,"href":"http:\/\/healthandpower.com.co\/index.php?rest_route=%2Fwp%2Fv2%2Fproduct_cat&post=1492"},{"taxonomy":"product_tag","embeddable":true,"href":"http:\/\/healthandpower.com.co\/index.php?rest_route=%2Fwp%2Fv2%2Fproduct_tag&post=1492"}],"curies":[{"name":"wp","href":"https:\/\/api.w.org\/{rel}","templated":true}]}}