{"id":1487,"date":"2019-05-31T05:56:55","date_gmt":"2019-05-31T05:56:55","guid":{"rendered":"http:\/\/healthandpower.com.co\/?post_type=product&#038;p=1487"},"modified":"2019-06-01T05:30:01","modified_gmt":"2019-06-01T05:30:01","slug":"lesconly","status":"publish","type":"product","link":"http:\/\/healthandpower.com.co\/?product=lesconly","title":{"rendered":"Lesconly"},"content":{"rendered":"<p>Bebida natural y nutritiva, suplemento con vitaminas que aumenta la energ\u00eda.\u00a0 esta bebida contiene minerales para su cuerpo, magnesio, Vitamina A, beta caroteno y vitamina B6. Contiene ingredientes naturales que protegen y revitalizan tu cuerpo<\/p>\n<p>Beneficios.<\/p>\n<p>Mejora la visi\u00f3n, limpia el h\u00edgado, aumenta los gl\u00f3bulos rojos, mejora la circulaci\u00f3n y presi\u00f3n arterial e elimina los calambres.<\/p>\n","protected":false},"excerpt":{"rendered":"<p>Bebida natural y nutritiva, suplemento con vitaminas que aumenta la energ\u00eda.\u00a0 esta bebida contiene minerales para su cuerpo, magnesio, Vitamina A, beta caroteno y vitamina B6. Contiene ingredientes naturales que protegen y revitalizan tu cuerpo Beneficios. Mejora la visi\u00f3n, limpia el h\u00edgado, aumenta los gl\u00f3bulos rojos, mejora la circulaci\u00f3n y presi\u00f3n arterial e elimina los<span class=\"post-excerpt-end\">&hellip;<\/span><\/p>\n<p class=\"more-link\"><a href=\"http:\/\/healthandpower.com.co\/?product=lesconly\" class=\"themebutton\">Leer m\u00e1s<\/a><\/p>\n","protected":false},"featured_media":1488,"comment_status":"open","ping_status":"closed","template":"","meta":[],"product_brand":[],"product_cat":[51],"product_tag":[],"class_list":{"0":"post-1487","1":"product","2":"type-product","3":"status-publish","4":"has-post-thumbnail","6":"product_cat-bebidas-y-refrescos","8":"first","9":"instock","10":"shipping-taxable","11":"product-type-simple"},"_links":{"self":[{"href":"http:\/\/healthandpower.com.co\/index.php?rest_route=\/wp\/v2\/product\/1487","targetHints":{"allow":["GET"]}}],"collection":[{"href":"http:\/\/healthandpower.com.co\/index.php?rest_route=\/wp\/v2\/product"}],"about":[{"href":"http:\/\/healthandpower.com.co\/index.php?rest_route=\/wp\/v2\/types\/product"}],"replies":[{"embeddable":true,"href":"http:\/\/healthandpower.com.co\/index.php?rest_route=%2Fwp%2Fv2%2Fcomments&post=1487"}],"wp:featuredmedia":[{"embeddable":true,"href":"http:\/\/healthandpower.com.co\/index.php?rest_route=\/wp\/v2\/media\/1488"}],"wp:attachment":[{"href":"http:\/\/healthandpower.com.co\/index.php?rest_route=%2Fwp%2Fv2%2Fmedia&parent=1487"}],"wp:term":[{"taxonomy":"product_brand","embeddable":true,"href":"http:\/\/healthandpower.com.co\/index.php?rest_route=%2Fwp%2Fv2%2Fproduct_brand&post=1487"},{"taxonomy":"product_cat","embeddable":true,"href":"http:\/\/healthandpower.com.co\/index.php?rest_route=%2Fwp%2Fv2%2Fproduct_cat&post=1487"},{"taxonomy":"product_tag","embeddable":true,"href":"http:\/\/healthandpower.com.co\/index.php?rest_route=%2Fwp%2Fv2%2Fproduct_tag&post=1487"}],"curies":[{"name":"wp","href":"https:\/\/api.w.org\/{rel}","templated":true}]}}