{"id":1019,"date":"2018-08-18T07:15:06","date_gmt":"2018-08-18T07:15:06","guid":{"rendered":"http:\/\/healthandpower.com.co\/?post_type=product&#038;p=1019"},"modified":"2018-09-03T20:22:35","modified_gmt":"2018-09-03T20:22:35","slug":"vital-fuerte-h3","status":"publish","type":"product","link":"http:\/\/healthandpower.com.co\/?product=vital-fuerte-h3","title":{"rendered":"Vital Fuerte H3"},"content":{"rendered":"<p>Multivitaminico<\/p>\n<p>Vital Fuerte H3 capsulas contienen las vitaminas y minerales esenciales para las diferentes reacciones bioqu\u00edmicas, las cuales convierten los alimentos en energ\u00eda y tejidos indispensables para el organismo. Est\u00e1 indicado para la prevenci\u00f3n de signos de la vejez, como disminuci\u00f3n de la capacidad corporal e intelectual, cansancio y convalescencias.Vital Fuerte H3 sumistra la cantidad de elementos antioxidantes que participan en los procesos de neutralizaci\u00f3n y reduci\u00f3n de los radicales libres. Estos se forman durante el proceso del metabolismo en el organismo, por la contaminaci\u00f3n ambiental, radiaci\u00f3n, qu\u00edmicos y sobre exposi\u00f3n a los rayos solares. Elos son los causantes del proceso del envejecimiento prematuro, enfermedades cardiopulmonares y degenerativas de cualquier tipo, llevando a un deterioro progresivo y un mal funcionamiento del organismo. Vital Fuerte H3 con vitaminas y minerales y antioxidante, equilibra las situaciones de sobrecarga f\u00edsica y energ\u00e9tica, manteniendo la vitalidad que el organismo necesita.<\/p>\n<p>Contraindicaciones:<\/p>\n<p>Hipersensibilidad al componente activo<\/p>\n","protected":false},"excerpt":{"rendered":"<h1><span style=\"color: #00ccff;\">$63.000<\/span><\/h1>\n<p>Ampollas bebibles<\/p>\n","protected":false},"featured_media":1396,"comment_status":"open","ping_status":"closed","template":"","meta":[],"product_brand":[],"product_cat":[66],"product_tag":[],"class_list":{"0":"post-1019","1":"product","2":"type-product","3":"status-publish","4":"has-post-thumbnail","6":"product_cat-uncategorized","8":"first","9":"instock","10":"shipping-taxable","11":"purchasable","12":"product-type-simple"},"_links":{"self":[{"href":"http:\/\/healthandpower.com.co\/index.php?rest_route=\/wp\/v2\/product\/1019","targetHints":{"allow":["GET"]}}],"collection":[{"href":"http:\/\/healthandpower.com.co\/index.php?rest_route=\/wp\/v2\/product"}],"about":[{"href":"http:\/\/healthandpower.com.co\/index.php?rest_route=\/wp\/v2\/types\/product"}],"replies":[{"embeddable":true,"href":"http:\/\/healthandpower.com.co\/index.php?rest_route=%2Fwp%2Fv2%2Fcomments&post=1019"}],"wp:featuredmedia":[{"embeddable":true,"href":"http:\/\/healthandpower.com.co\/index.php?rest_route=\/wp\/v2\/media\/1396"}],"wp:attachment":[{"href":"http:\/\/healthandpower.com.co\/index.php?rest_route=%2Fwp%2Fv2%2Fmedia&parent=1019"}],"wp:term":[{"taxonomy":"product_brand","embeddable":true,"href":"http:\/\/healthandpower.com.co\/index.php?rest_route=%2Fwp%2Fv2%2Fproduct_brand&post=1019"},{"taxonomy":"product_cat","embeddable":true,"href":"http:\/\/healthandpower.com.co\/index.php?rest_route=%2Fwp%2Fv2%2Fproduct_cat&post=1019"},{"taxonomy":"product_tag","embeddable":true,"href":"http:\/\/healthandpower.com.co\/index.php?rest_route=%2Fwp%2Fv2%2Fproduct_tag&post=1019"}],"curies":[{"name":"wp","href":"https:\/\/api.w.org\/{rel}","templated":true}]}}